{"id":14,"date":"2024-08-29T15:22:07","date_gmt":"2024-08-29T13:22:07","guid":{"rendered":"https:\/\/www.artisansbubbles.be\/?page_id=14"},"modified":"2024-09-03T17:15:10","modified_gmt":"2024-09-03T15:15:10","slug":"bienvenue","status":"publish","type":"page","link":"https:\/\/www.artisansbubbles.be\/","title":{"rendered":"Bienvenue"},"content":{"rendered":"\n<p class=\"has-text-align-center\">Artisans\u00a0distributeurs belges enthousiastes, gourmets, les bulles et la convivialit\u00e9 sont nos moteurs.<\/p>\n\n\n\n<p class=\"has-text-align-center\">Le concept Artisans Bubbles prend sa source sur la base d&rsquo;une constatation, <\/p>\n\n\n\n<blockquote class=\"wp-block-quote is-layout-flow wp-block-quote-is-layout-flow\">\n<p class=\"has-text-align-center\">\u00ab\u00a0La vie serait nulle sans bulles\u00a0\u00bb<\/p>\n<\/blockquote>\n\n\n\n<p class=\"has-text-align-center\">Faisons de notre vie une f\u00eate et partons \u00e0 la d\u00e9couvertes de femmes et d&rsquo;hommes, artisans\u00a0Vignerons passionn\u00e9s, et de leurs \u00ab\u00a0bulles\u00a0\u00bb extraordinaires.<\/p>\n\n\n\n<figure class=\"wp-block-image size-large\"><img loading=\"lazy\" decoding=\"async\" width=\"737\" height=\"1024\" src=\"https:\/\/www.artisansbubbles.be\/wp-content\/uploads\/2024\/09\/183312255_10158355537500679_6281356714779884951_n-737x1024.jpeg\" alt=\"\" class=\"wp-image-119\" srcset=\"https:\/\/www.artisansbubbles.be\/wp-content\/uploads\/2024\/09\/183312255_10158355537500679_6281356714779884951_n-737x1024.jpeg 737w, https:\/\/www.artisansbubbles.be\/wp-content\/uploads\/2024\/09\/183312255_10158355537500679_6281356714779884951_n-216x300.jpeg 216w, https:\/\/www.artisansbubbles.be\/wp-content\/uploads\/2024\/09\/183312255_10158355537500679_6281356714779884951_n-768x1067.jpeg 768w, https:\/\/www.artisansbubbles.be\/wp-content\/uploads\/2024\/09\/183312255_10158355537500679_6281356714779884951_n-1106x1536.jpeg 1106w, https:\/\/www.artisansbubbles.be\/wp-content\/uploads\/2024\/09\/183312255_10158355537500679_6281356714779884951_n.jpeg 1451w\" sizes=\"auto, (max-width: 737px) 100vw, 737px\" \/><\/figure>\n","protected":false},"excerpt":{"rendered":"<p>Artisans\u00a0distributeurs belges enthousiastes, gourmets, les bulles et la convivialit\u00e9 sont nos moteurs. Le concept Artisans Bubbles prend sa source sur la base d&rsquo;une constatation, \u00ab\u00a0La vie serait nulle sans bulles\u00a0\u00bb Faisons de notre vie une f\u00eate et partons \u00e0 la d\u00e9couvertes de femmes et d&rsquo;hommes, artisans\u00a0Vignerons passionn\u00e9s, et de leurs \u00ab\u00a0bulles\u00a0\u00bb extraordinaires.<\/p>\n","protected":false},"author":2,"featured_media":0,"parent":0,"menu_order":0,"comment_status":"closed","ping_status":"closed","template":"","meta":{"footnotes":""},"class_list":["post-14","page","type-page","status-publish","hentry"],"_links":{"self":[{"href":"https:\/\/www.artisansbubbles.be\/index.php\/wp-json\/wp\/v2\/pages\/14","targetHints":{"allow":["GET"]}}],"collection":[{"href":"https:\/\/www.artisansbubbles.be\/index.php\/wp-json\/wp\/v2\/pages"}],"about":[{"href":"https:\/\/www.artisansbubbles.be\/index.php\/wp-json\/wp\/v2\/types\/page"}],"author":[{"embeddable":true,"href":"https:\/\/www.artisansbubbles.be\/index.php\/wp-json\/wp\/v2\/users\/2"}],"replies":[{"embeddable":true,"href":"https:\/\/www.artisansbubbles.be\/index.php\/wp-json\/wp\/v2\/comments?post=14"}],"version-history":[{"count":3,"href":"https:\/\/www.artisansbubbles.be\/index.php\/wp-json\/wp\/v2\/pages\/14\/revisions"}],"predecessor-version":[{"id":160,"href":"https:\/\/www.artisansbubbles.be\/index.php\/wp-json\/wp\/v2\/pages\/14\/revisions\/160"}],"wp:attachment":[{"href":"https:\/\/www.artisansbubbles.be\/index.php\/wp-json\/wp\/v2\/media?parent=14"}],"curies":[{"name":"wp","href":"https:\/\/api.w.org\/{rel}","templated":true}]}}